{"id":2,"date":"2025-11-07T00:27:30","date_gmt":"2025-11-06T23:27:30","guid":{"rendered":"https:\/\/mandar.dpdns.org\/?page_id=2"},"modified":"2025-12-24T11:56:18","modified_gmt":"2025-12-24T10:56:18","slug":"about-me","status":"publish","type":"page","link":"https:\/\/mandar.cc\/index.php\/about-me\/","title":{"rendered":"about me"},"content":{"rendered":"\n<div class=\"wp-block-group has-global-padding is-layout-constrained wp-block-group-is-layout-constrained\">\n<div class=\"wp-block-buttons has-custom-font-size has-medium-font-size is-vertical is-content-justification-right is-layout-flex wp-container-core-buttons-is-layout-8bd67390 wp-block-buttons-is-layout-flex\" style=\"border-style:none;border-width:0px;border-top-left-radius:12px;border-top-right-radius:12px;border-bottom-left-radius:12px;border-bottom-right-radius:12px;margin-top:0;margin-bottom:0;padding-top:0;padding-right:0;padding-bottom:0;padding-left:0\">\n<div class=\"wp-block-button\"><a class=\"wp-block-button__link wp-element-button\" href=\"https:\/\/mandar.cc\/\">home<\/a><\/div>\n<\/div>\n<\/div>\n\n\n\n<p>Quando avevo poco pi\u00f9 di vent\u2019anni passavo le giornate con un calibro in mano. Ero in OCEAN, immerso tra componenti di lavatrici caldaie, forni e scaldacqua, a controllare materiali che arrivavano da ogni parte d\u2019Europa. Non era solo un lavoro tecnico: era il mio primo contatto con il mondo reale dell\u2019industria, fatto di precisione, responsabilit\u00e0 e rispetto per ci\u00f2 che non si vede ma fa funzionare tutto.<\/p>\n\n\n\n<p>Poi, nel 1992, arriv\u00f2 il momento di cambiare strada. Entrai in FAIB, un\u2019azienda dove la lamiera prendeva forma e diventava qualcosa di utile, complesso e vivo. L\u00ec ho avuto la sensazione di aprire un portale: dal tecnigrafo al CAD, dalle linee tracciate a matita ai primi stampi completi che portavano la mia firma tecnica. Stavo imparando a \u201cvedere\u201d i meccanismi dall\u2019interno, a immaginare come si muovono le forze, come respira un materiale quando lo spingi oltre.<\/p>\n\n\n\n<p>Ma la vera svolta arriv\u00f2 nel 1996. Un head hunter mi chiam\u00f2 e, dopo tre colloqui e una giornata di prova, entrai in Lino Manfrotto. Un mondo nuovo. Creativit\u00e0, fotografia, design, persone che pensavano in grande. Nasceva ALU e io ero l\u00ec, all\u2019inizio di un\u2019avventura che avrebbe cambiato per sempre il mio modo di vedere il prodotto. Progettavo collezioni, sviluppavo soluzioni su misura per clienti da tutto il mondo, parlavo con creativi e designer, guidavo un team che cresceva ogni mese. \u00c8 stato il periodo in cui ho respirato di pi\u00f9: idee, viaggi, confronti, innovazioni. In quei tempi ho depositato quattro brevetti non per collezionare titoli, ma per risolvere problemi reali con idee che funzionavano.<\/p>\n\n\n\n<p>Nel 2003 \u00e8 arrivata la scelta pi\u00f9 coraggiosa: creare qualcosa di nostro. Cos\u00ec, con due soci, \u00e8 nata <a href=\"http:\/\/extendoweb.com.\">EXTENDO<\/a>. Entravo in un territorio che non conoscevo: l\u2019home interior design. Un mondo diverso dallo shop design, con nuove regole, materiali, linguaggi. Ma era proprio questa la parte pi\u00f9 entusiasmante. Per un anno ho quasi vissuto dentro i progetti, nelle officine, tra prototipi, fallimenti, intuizioni. Quando finalmente abbiamo pubblicato il primo catalogo fotografico, con quattro nuove collezioni, ho capito che era solo l\u2019inizio.<\/p>\n\n\n\n<p>Oggi <a href=\"http:\/\/extendoweb.com.\">EXTENDO <\/a>\u00e8 la prova che le idee, quando sono coltivate con cura, possono prendere forma, diventare oggetti, entrare nelle case e nella vita delle persone. E ogni nuovo progetto \u00e8 ancora un viaggio, come lo era il primo disegno tracciato tanti anni fa.<\/p>\n\n\n\n<p>Chi vuole scoprire le nostre collezioni pu\u00f2 visitare <a href=\"http:\/\/extendoweb.com.\"><strong>extendoweb.com<\/strong>.<\/a><br>La storia continua l\u00ec.<\/p>\n","protected":false},"excerpt":{"rendered":"<p>Quando avevo poco pi\u00f9 di vent\u2019anni passavo le giornate con un calibro in mano. Ero in OCEAN, immerso tra componenti di lavatrici caldaie, forni e scaldacqua, a controllare materiali che arrivavano da ogni parte d\u2019Europa. Non era solo un lavoro tecnico: era il mio primo contatto con il mondo reale dell\u2019industria, fatto di precisione, responsabilit\u00e0 [&hellip;]<\/p>\n","protected":false},"author":1,"featured_media":0,"parent":0,"menu_order":0,"comment_status":"closed","ping_status":"open","template":"","meta":{"footnotes":""},"class_list":["post-2","page","type-page","status-publish","hentry"],"_links":{"self":[{"href":"https:\/\/mandar.cc\/index.php\/wp-json\/wp\/v2\/pages\/2","targetHints":{"allow":["GET"]}}],"collection":[{"href":"https:\/\/mandar.cc\/index.php\/wp-json\/wp\/v2\/pages"}],"about":[{"href":"https:\/\/mandar.cc\/index.php\/wp-json\/wp\/v2\/types\/page"}],"author":[{"embeddable":true,"href":"https:\/\/mandar.cc\/index.php\/wp-json\/wp\/v2\/users\/1"}],"replies":[{"embeddable":true,"href":"https:\/\/mandar.cc\/index.php\/wp-json\/wp\/v2\/comments?post=2"}],"version-history":[{"count":8,"href":"https:\/\/mandar.cc\/index.php\/wp-json\/wp\/v2\/pages\/2\/revisions"}],"predecessor-version":[{"id":132,"href":"https:\/\/mandar.cc\/index.php\/wp-json\/wp\/v2\/pages\/2\/revisions\/132"}],"wp:attachment":[{"href":"https:\/\/mandar.cc\/index.php\/wp-json\/wp\/v2\/media?parent=2"}],"curies":[{"name":"wp","href":"https:\/\/api.w.org\/{rel}","templated":true}]}}